{"id":630,"date":"2022-01-05T17:34:04","date_gmt":"2022-01-05T16:34:04","guid":{"rendered":"https:\/\/www.egfm.fr\/?page_id=630"},"modified":"2022-01-05T17:57:14","modified_gmt":"2022-01-05T16:57:14","slug":"kesla","status":"publish","type":"page","link":"https:\/\/www.egfm.fr\/?page_id=630","title":{"rendered":"Kesla"},"content":{"rendered":"<section class=\"l-section wpb_row height_auto with_img parallax_fixed\"><div class=\"l-section-img\" style=\"background-image: url(https:\/\/www.egfm.fr\/wp-content\/uploads\/2022\/01\/Kesla_2109ZT-1-scaled.jpg);\" data-img-width=\"2560\" data-img-height=\"1707\"><\/div><div class=\"l-section-overlay\" style=\"background:rgba(51,51,51,0.65)\"><\/div><div class=\"l-section-h i-cf\"><div class=\"g-cols via_grid cols_1 laptops-cols_inherit tablets-cols_inherit mobiles-cols_1 valign_top type_default\"><div class=\"wpb_column vc_column_container\"><div class=\"vc_column-inner\"><div class=\"wpb_text_column\"><div class=\"wpb_wrapper\"><h1 style=\"text-align: center;\"><span style=\"color: #ffffff;\">LA GAMME KESLA<\/span><\/h1>\n<\/div><\/div><\/div><\/div><\/div><\/div><\/section><section class=\"l-section wpb_row height_large width_full with_img parallax_fixed\"><div class=\"l-section-img\" style=\"background-image: url(https:\/\/www.egfm.fr\/wp-content\/uploads\/2022\/01\/Kesla_2109ZT-1-scaled.jpg);\" data-img-width=\"2560\" data-img-height=\"1707\"><\/div><div class=\"l-section-overlay\" style=\"background:rgba(51,51,51,0.65)\"><\/div><div class=\"l-section-h i-cf\"><div class=\"g-cols via_grid cols_2 laptops-cols_inherit tablets-cols_inherit mobiles-cols_1 valign_middle type_default\"><div class=\"wpb_column vc_column_container us_custom_4d90cddd has_bg_color us_animate_afl\"><div class=\"vc_column-inner\"><div class=\"g-cols wpb_row via_grid cols_1-2-1 laptops-cols_inherit tablets-cols_inherit mobiles-cols_1 valign_top type_default\"><div class=\"wpb_column vc_column_container\"><div class=\"vc_column-inner\"><\/div><\/div><div class=\"wpb_column vc_column_container\"><div class=\"vc_column-inner\"><div class=\"w-image align_none\"><div class=\"w-image-h\"><img loading=\"lazy\" decoding=\"async\" width=\"300\" height=\"74\" src=\"https:\/\/www.egfm.fr\/wp-content\/uploads\/2022\/01\/Kesla-logo-dfae-copie-300x74.png\" class=\"attachment-medium size-medium\" alt=\"\" srcset=\"https:\/\/www.egfm.fr\/wp-content\/uploads\/2022\/01\/Kesla-logo-dfae-copie-300x74.png 300w, https:\/\/www.egfm.fr\/wp-content\/uploads\/2022\/01\/Kesla-logo-dfae-copie-600x148.png 600w, https:\/\/www.egfm.fr\/wp-content\/uploads\/2022\/01\/Kesla-logo-dfae-copie.png 1000w\" sizes=\"auto, (max-width: 300px) 100vw, 300px\" \/><\/div><\/div><\/div><\/div><div class=\"wpb_column vc_column_container\"><div class=\"vc_column-inner\"><\/div><\/div><\/div><div class=\"w-separator size_small with_line width_default thick_1 style_solid color_border align_center\"><div class=\"w-separator-h\"><\/div><\/div><div class=\"wpb_text_column us_custom_d8cbb9ac\"><div class=\"wpb_wrapper\"><h2>Kesla est le ma\u00eetre de la manipulation de mat\u00e9riaux dans et hors de la for\u00eat.<\/h2>\n<p>Nos produits sont bas\u00e9s sur la connaissance finlandaise et produits gr\u00e2ce \u00e0 cette derni\u00e8re, ce qui en fait un choix excellent m\u00eame dans les conditions les plus difficiles. Une compatibilit\u00e9 parfaite avec n&rsquo;importe quelle machine de base et adapt\u00e9e \u00e0 tout client.<\/p>\n<\/div><\/div><div class=\"w-btn-wrapper align_right\"><a class=\"w-btn us-btn-style_1\" href=\"https:\/\/kesla.com\/fr\/page-daccueil\"><span class=\"w-btn-label\">Plus d&rsquo;information sur l&rsquo;entreprise<\/span><\/a><\/div><\/div><\/div><div class=\"wpb_column vc_column_container us_custom_dd81fc09 us_animate_afr\" style=\"animation-delay:1s\"><div class=\"vc_column-inner\"><\/div><\/div><\/div><\/div><\/section><section class=\"l-section wpb_row height_small\"><div class=\"l-section-h i-cf\"><div class=\"g-cols via_grid cols_1 laptops-cols_inherit tablets-cols_inherit mobiles-cols_1 valign_top type_default\"><div class=\"wpb_column vc_column_container\"><div class=\"vc_column-inner\"><div class=\"wpb_text_column\"><div class=\"wpb_wrapper\"><h2>D\u00e9couvrez la gamme KESLA :<\/h2>\n<\/div><\/div><\/div><\/div><\/div><\/div><\/section><section class=\"l-section wpb_row height_small\"><div class=\"l-section-h i-cf\"><div class=\"g-cols via_grid cols_3 laptops-cols_inherit tablets-cols_inherit mobiles-cols_1 valign_top type_default\"><div class=\"wpb_column vc_column_container\"><div class=\"vc_column-inner\"><div class=\"w-ibanner animation_phorcys ratio_3x2 easing_ease\"><div class=\"w-ibanner-h\"><div class=\"w-ibanner-image\" style=\"background-image: url(https:\/\/www.egfm.fr\/wp-content\/uploads\/2022\/01\/Kesla_2111ZT-1024x683.jpg)\"><\/div><div class=\"w-ibanner-content\"><div class=\"w-ibanner-content-h\"><h2 class=\"w-ibanner-title\">Grues foresti\u00e8res<\/h2><div class=\"w-ibanner-desc\"><\/div><\/div><\/div><\/div><a href=\"https:\/\/kesla.com\/fr\/produits\/category\/grues-forestieres\" aria-label=\"Grues foresti\u00e8res\"><\/a><\/div><\/div><\/div><div class=\"wpb_column vc_column_container\"><div class=\"vc_column-inner\"><div class=\"w-ibanner animation_phorcys ratio_3x2 easing_ease\"><div class=\"w-ibanner-h\"><div class=\"w-ibanner-image\" style=\"background-image: url(https:\/\/www.egfm.fr\/wp-content\/uploads\/2022\/01\/KESLA_City_suorapuominen_5.jpg)\"><\/div><div class=\"w-ibanner-content\"><div class=\"w-ibanner-content-h\"><h2 class=\"w-ibanner-title\">Grues City<\/h2><div class=\"w-ibanner-desc\"><\/div><\/div><\/div><\/div><a href=\"https:\/\/kesla.com\/fr\/produits\/category\/grues-city\" aria-label=\"Grues City\"><\/a><\/div><\/div><\/div><div class=\"wpb_column vc_column_container\"><div class=\"vc_column-inner\"><div class=\"w-ibanner animation_phorcys ratio_3x2 easing_ease\"><div class=\"w-ibanner-h\"><div class=\"w-ibanner-image\" style=\"background-image: url(https:\/\/www.egfm.fr\/wp-content\/uploads\/2022\/01\/KESLA_prog46_2.jpg)\"><\/div><div class=\"w-ibanner-content\"><div class=\"w-ibanner-content-h\"><h2 class=\"w-ibanner-title\">Grues grappin<\/h2><div class=\"w-ibanner-desc\"><\/div><\/div><\/div><\/div><a href=\"https:\/\/kesla.com\/fr\/produits\/category\/grappins-iii\" aria-label=\"Grues grappin\"><\/a><\/div><\/div><\/div><\/div><\/div><\/section>\n","protected":false},"excerpt":{"rendered":"LA GAMME KESLA Kesla est le ma\u00eetre de la manipulation de mat\u00e9riaux dans et hors de la for\u00eat. Nos produits sont bas\u00e9s sur la connaissance finlandaise et produits gr\u00e2ce \u00e0 cette derni\u00e8re, ce qui en fait un choix excellent m\u00eame dans les conditions les plus difficiles. Une compatibilit\u00e9 parfaite avec n&rsquo;importe quelle machine de base...","protected":false},"author":1,"featured_media":0,"parent":0,"menu_order":0,"comment_status":"closed","ping_status":"closed","template":"","meta":{"footnotes":""},"class_list":["post-630","page","type-page","status-publish","hentry"],"yoast_head":"<!-- This site is optimized with the Yoast SEO plugin v24.9 - https:\/\/yoast.com\/wordpress\/plugins\/seo\/ -->\n<title>Kesla - EGFM SERVICES<\/title>\n<meta name=\"robots\" content=\"index, follow, max-snippet:-1, max-image-preview:large, max-video-preview:-1\" \/>\n<link rel=\"canonical\" href=\"https:\/\/www.egfm.fr\/?page_id=630\" \/>\n<meta property=\"og:locale\" content=\"fr_FR\" \/>\n<meta property=\"og:type\" content=\"article\" \/>\n<meta property=\"og:title\" content=\"Kesla - EGFM SERVICES\" \/>\n<meta property=\"og:url\" content=\"https:\/\/www.egfm.fr\/?page_id=630\" \/>\n<meta property=\"og:site_name\" content=\"EGFM SERVICES\" \/>\n<meta property=\"article:modified_time\" content=\"2022-01-05T16:57:14+00:00\" \/>\n<meta name=\"twitter:card\" content=\"summary_large_image\" \/>\n<meta name=\"twitter:label1\" content=\"Dur\u00e9e de lecture estim\u00e9e\" \/>\n\t<meta name=\"twitter:data1\" content=\"1 minute\" \/>\n<script type=\"application\/ld+json\" class=\"yoast-schema-graph\">{\"@context\":\"https:\/\/schema.org\",\"@graph\":[{\"@type\":\"WebPage\",\"@id\":\"https:\/\/www.egfm.fr\/?page_id=630\",\"url\":\"https:\/\/www.egfm.fr\/?page_id=630\",\"name\":\"Kesla - EGFM SERVICES\",\"isPartOf\":{\"@id\":\"https:\/\/www.egfm.fr\/#website\"},\"datePublished\":\"2022-01-05T16:34:04+00:00\",\"dateModified\":\"2022-01-05T16:57:14+00:00\",\"breadcrumb\":{\"@id\":\"https:\/\/www.egfm.fr\/?page_id=630#breadcrumb\"},\"inLanguage\":\"fr-FR\",\"potentialAction\":[{\"@type\":\"ReadAction\",\"target\":[\"https:\/\/www.egfm.fr\/?page_id=630\"]}]},{\"@type\":\"BreadcrumbList\",\"@id\":\"https:\/\/www.egfm.fr\/?page_id=630#breadcrumb\",\"itemListElement\":[{\"@type\":\"ListItem\",\"position\":1,\"name\":\"Accueil\",\"item\":\"https:\/\/www.egfm.fr\/\"},{\"@type\":\"ListItem\",\"position\":2,\"name\":\"Kesla\"}]},{\"@type\":\"WebSite\",\"@id\":\"https:\/\/www.egfm.fr\/#website\",\"url\":\"https:\/\/www.egfm.fr\/\",\"name\":\"EGFM SERVICES\",\"description\":\"Votre sp\u00e9cialiste semi-remorques et porteurs\",\"publisher\":{\"@id\":\"https:\/\/www.egfm.fr\/#organization\"},\"potentialAction\":[{\"@type\":\"SearchAction\",\"target\":{\"@type\":\"EntryPoint\",\"urlTemplate\":\"https:\/\/www.egfm.fr\/?s={search_term_string}\"},\"query-input\":{\"@type\":\"PropertyValueSpecification\",\"valueRequired\":true,\"valueName\":\"search_term_string\"}}],\"inLanguage\":\"fr-FR\"},{\"@type\":\"Organization\",\"@id\":\"https:\/\/www.egfm.fr\/#organization\",\"name\":\"EGFM\",\"url\":\"https:\/\/www.egfm.fr\/\",\"logo\":{\"@type\":\"ImageObject\",\"inLanguage\":\"fr-FR\",\"@id\":\"https:\/\/www.egfm.fr\/#\/schema\/logo\/image\/\",\"url\":\"https:\/\/www.egfm.fr\/wp-content\/uploads\/2021\/12\/LOGO.png\",\"contentUrl\":\"https:\/\/www.egfm.fr\/wp-content\/uploads\/2021\/12\/LOGO.png\",\"width\":2128,\"height\":615,\"caption\":\"EGFM\"},\"image\":{\"@id\":\"https:\/\/www.egfm.fr\/#\/schema\/logo\/image\/\"}}]}<\/script>\n<!-- \/ Yoast SEO plugin. -->","yoast_head_json":{"title":"Kesla - EGFM SERVICES","robots":{"index":"index","follow":"follow","max-snippet":"max-snippet:-1","max-image-preview":"max-image-preview:large","max-video-preview":"max-video-preview:-1"},"canonical":"https:\/\/www.egfm.fr\/?page_id=630","og_locale":"fr_FR","og_type":"article","og_title":"Kesla - EGFM SERVICES","og_url":"https:\/\/www.egfm.fr\/?page_id=630","og_site_name":"EGFM SERVICES","article_modified_time":"2022-01-05T16:57:14+00:00","twitter_card":"summary_large_image","twitter_misc":{"Dur\u00e9e de lecture estim\u00e9e":"1 minute"},"schema":{"@context":"https:\/\/schema.org","@graph":[{"@type":"WebPage","@id":"https:\/\/www.egfm.fr\/?page_id=630","url":"https:\/\/www.egfm.fr\/?page_id=630","name":"Kesla - EGFM SERVICES","isPartOf":{"@id":"https:\/\/www.egfm.fr\/#website"},"datePublished":"2022-01-05T16:34:04+00:00","dateModified":"2022-01-05T16:57:14+00:00","breadcrumb":{"@id":"https:\/\/www.egfm.fr\/?page_id=630#breadcrumb"},"inLanguage":"fr-FR","potentialAction":[{"@type":"ReadAction","target":["https:\/\/www.egfm.fr\/?page_id=630"]}]},{"@type":"BreadcrumbList","@id":"https:\/\/www.egfm.fr\/?page_id=630#breadcrumb","itemListElement":[{"@type":"ListItem","position":1,"name":"Accueil","item":"https:\/\/www.egfm.fr\/"},{"@type":"ListItem","position":2,"name":"Kesla"}]},{"@type":"WebSite","@id":"https:\/\/www.egfm.fr\/#website","url":"https:\/\/www.egfm.fr\/","name":"EGFM SERVICES","description":"Votre sp\u00e9cialiste semi-remorques et porteurs","publisher":{"@id":"https:\/\/www.egfm.fr\/#organization"},"potentialAction":[{"@type":"SearchAction","target":{"@type":"EntryPoint","urlTemplate":"https:\/\/www.egfm.fr\/?s={search_term_string}"},"query-input":{"@type":"PropertyValueSpecification","valueRequired":true,"valueName":"search_term_string"}}],"inLanguage":"fr-FR"},{"@type":"Organization","@id":"https:\/\/www.egfm.fr\/#organization","name":"EGFM","url":"https:\/\/www.egfm.fr\/","logo":{"@type":"ImageObject","inLanguage":"fr-FR","@id":"https:\/\/www.egfm.fr\/#\/schema\/logo\/image\/","url":"https:\/\/www.egfm.fr\/wp-content\/uploads\/2021\/12\/LOGO.png","contentUrl":"https:\/\/www.egfm.fr\/wp-content\/uploads\/2021\/12\/LOGO.png","width":2128,"height":615,"caption":"EGFM"},"image":{"@id":"https:\/\/www.egfm.fr\/#\/schema\/logo\/image\/"}}]}},"_links":{"self":[{"href":"https:\/\/www.egfm.fr\/index.php?rest_route=\/wp\/v2\/pages\/630","targetHints":{"allow":["GET"]}}],"collection":[{"href":"https:\/\/www.egfm.fr\/index.php?rest_route=\/wp\/v2\/pages"}],"about":[{"href":"https:\/\/www.egfm.fr\/index.php?rest_route=\/wp\/v2\/types\/page"}],"author":[{"embeddable":true,"href":"https:\/\/www.egfm.fr\/index.php?rest_route=\/wp\/v2\/users\/1"}],"replies":[{"embeddable":true,"href":"https:\/\/www.egfm.fr\/index.php?rest_route=%2Fwp%2Fv2%2Fcomments&post=630"}],"version-history":[{"count":3,"href":"https:\/\/www.egfm.fr\/index.php?rest_route=\/wp\/v2\/pages\/630\/revisions"}],"predecessor-version":[{"id":642,"href":"https:\/\/www.egfm.fr\/index.php?rest_route=\/wp\/v2\/pages\/630\/revisions\/642"}],"wp:attachment":[{"href":"https:\/\/www.egfm.fr\/index.php?rest_route=%2Fwp%2Fv2%2Fmedia&parent=630"}],"curies":[{"name":"wp","href":"https:\/\/api.w.org\/{rel}","templated":true}]}}