{"id":308,"date":"2021-12-03T12:44:35","date_gmt":"2021-12-03T11:44:35","guid":{"rendered":"https:\/\/www.egfm.fr\/?page_id=308"},"modified":"2021-12-28T09:58:14","modified_gmt":"2021-12-28T08:58:14","slug":"benalu","status":"publish","type":"page","link":"https:\/\/www.egfm.fr\/?page_id=308","title":{"rendered":"Benalu &#038; Bennes Marrel (SR)"},"content":{"rendered":"<section class=\"l-section wpb_row height_auto with_img parallax_fixed\"><div class=\"l-section-img\" style=\"background-image: url(https:\/\/www.egfm.fr\/wp-content\/uploads\/2021\/11\/110111364_2731349320442665_7289298403473918458_n.jpg);\" data-img-width=\"2016\" data-img-height=\"1512\"><\/div><div class=\"l-section-overlay\" style=\"background:rgba(51,51,51,0.65)\"><\/div><div class=\"l-section-h i-cf\"><div class=\"g-cols via_grid cols_1 laptops-cols_inherit tablets-cols_inherit mobiles-cols_1 valign_top type_default\"><div class=\"wpb_column vc_column_container\"><div class=\"vc_column-inner\"><div class=\"wpb_text_column\"><div class=\"wpb_wrapper\"><h1 style=\"text-align: center;\"><span style=\"color: #ffffff;\">LA GAMME BENALU &amp; BENNES MARREL<\/span><\/h1>\n<\/div><\/div><\/div><\/div><\/div><\/div><\/section><section class=\"l-section wpb_row height_large width_full with_img parallax_fixed\"><div class=\"l-section-img\" style=\"background-image: url(https:\/\/www.egfm.fr\/wp-content\/uploads\/2021\/11\/110111364_2731349320442665_7289298403473918458_n.jpg);\" data-img-width=\"2016\" data-img-height=\"1512\"><\/div><div class=\"l-section-overlay\" style=\"background:rgba(51,51,51,0.65)\"><\/div><div class=\"l-section-h i-cf\"><div class=\"g-cols via_grid cols_2 laptops-cols_inherit tablets-cols_inherit mobiles-cols_1 valign_middle type_default\"><div class=\"wpb_column vc_column_container us_custom_4d90cddd has_bg_color us_animate_afl\"><div class=\"vc_column-inner\"><div class=\"g-cols wpb_row via_grid cols_4 laptops-cols_inherit tablets-cols_inherit mobiles-cols_1 valign_top type_default\"><div class=\"wpb_column vc_column_container\"><div class=\"vc_column-inner\"><\/div><\/div><div class=\"wpb_column vc_column_container\"><div class=\"vc_column-inner\"><div class=\"w-image align_none\"><div class=\"w-image-h\"><img loading=\"lazy\" decoding=\"async\" width=\"300\" height=\"100\" src=\"https:\/\/www.egfm.fr\/wp-content\/uploads\/2021\/11\/BENALU-logo-300x100.png\" class=\"attachment-medium size-medium\" alt=\"\" srcset=\"https:\/\/www.egfm.fr\/wp-content\/uploads\/2021\/11\/BENALU-logo-300x100.png 300w, https:\/\/www.egfm.fr\/wp-content\/uploads\/2021\/11\/BENALU-logo.png 600w\" sizes=\"auto, (max-width: 300px) 100vw, 300px\" \/><\/div><\/div><\/div><\/div><div class=\"wpb_column vc_column_container\"><div class=\"vc_column-inner\"><div class=\"w-image align_none\"><div class=\"w-image-h\"><img loading=\"lazy\" decoding=\"async\" width=\"300\" height=\"106\" src=\"https:\/\/www.egfm.fr\/wp-content\/uploads\/2021\/11\/bennes-marrel-de\u0301toure\u0301-300x106.png\" class=\"attachment-medium size-medium\" alt=\"\" srcset=\"https:\/\/www.egfm.fr\/wp-content\/uploads\/2021\/11\/bennes-marrel-de\u0301toure\u0301-300x106.png 300w, https:\/\/www.egfm.fr\/wp-content\/uploads\/2021\/11\/bennes-marrel-de\u0301toure\u0301-1024x362.png 1024w, https:\/\/www.egfm.fr\/wp-content\/uploads\/2021\/11\/bennes-marrel-de\u0301toure\u0301-600x212.png 600w, https:\/\/www.egfm.fr\/wp-content\/uploads\/2021\/11\/bennes-marrel-de\u0301toure\u0301.png 1695w\" sizes=\"auto, (max-width: 300px) 100vw, 300px\" \/><\/div><\/div><\/div><\/div><div class=\"wpb_column vc_column_container\"><div class=\"vc_column-inner\"><\/div><\/div><\/div><div class=\"w-separator size_small with_line width_default thick_1 style_solid color_border align_center\"><div class=\"w-separator-h\"><\/div><\/div><div class=\"wpb_text_column us_custom_d8cbb9ac\"><div class=\"wpb_wrapper\"><h3>Le Leader Fran\u00e7ais de la Benne et Fond-Mouvant<\/h3>\n<p>Nous vous proposons toute la gamme qui propose notre partenaire BENALU \/ BENNES MARREL.<\/p>\n<p>V\u00e9ritable leader sur son secteur, Benalu\/Bennes Marrel est le leader fran\u00e7ais incontournable et l&rsquo;un des leader europ\u00e9en de la fabrication de semi-remorques, de remorques et de porteurs aluminium et acier.<\/p>\n<\/div><\/div><div class=\"w-btn-wrapper align_right\"><a class=\"w-btn us-btn-style_1\" href=\"https:\/\/www.benalu.com\/qui-sommes-nous-2\/\"><span class=\"w-btn-label\">Plus d&rsquo;information sur l&rsquo;entreprise<\/span><\/a><\/div><\/div><\/div><div class=\"wpb_column vc_column_container us_custom_dd81fc09 us_animate_afr\" style=\"animation-delay:1s\"><div class=\"vc_column-inner\"><\/div><\/div><\/div><\/div><\/section><section class=\"l-section wpb_row height_small\"><div class=\"l-section-h i-cf\"><div class=\"g-cols via_grid cols_1 laptops-cols_inherit tablets-cols_inherit mobiles-cols_1 valign_top type_default\"><div class=\"wpb_column vc_column_container\"><div class=\"vc_column-inner\"><div class=\"wpb_text_column\"><div class=\"wpb_wrapper\"><h2>D\u00e9couvrez la gamme BENALU &amp; BENNES MARREL :<\/h2>\n<\/div><\/div><\/div><\/div><\/div><\/div><\/section><section class=\"l-section wpb_row height_small\"><div class=\"l-section-h i-cf\"><div class=\"g-cols via_grid cols_3 laptops-cols_inherit tablets-cols_inherit mobiles-cols_1 valign_top type_default\"><div class=\"wpb_column vc_column_container\"><div class=\"vc_column-inner\"><div class=\"w-ibanner animation_phorcys ratio_3x2 easing_ease\"><div class=\"w-ibanner-h\"><div class=\"w-ibanner-image\" style=\"background-image: url(https:\/\/www.egfm.fr\/wp-content\/uploads\/2021\/12\/243102641_3070781456499448_215379734592561934_n-1024x683.jpg)\"><\/div><div class=\"w-ibanner-content\"><div class=\"w-ibanner-content-h\"><h2 class=\"w-ibanner-title\">Gamme Construction<\/h2><div class=\"w-ibanner-desc\"><p>Bennes et porteurs TP acier &amp; aluminium<\/p>\n<\/div><\/div><\/div><\/div><a href=\"https:\/\/www.benalu.com\/gamme-construction\/\" aria-label=\"Gamme Construction\"><\/a><\/div><\/div><\/div><div class=\"wpb_column vc_column_container\"><div class=\"vc_column-inner\"><div class=\"w-ibanner animation_phorcys ratio_3x2 easing_ease\"><div class=\"w-ibanner-h\"><div class=\"w-ibanner-image\" style=\"background-image: url(https:\/\/www.egfm.fr\/wp-content\/uploads\/2021\/12\/236796345_3035614266682834_2774989054140957507_n-1024x683.jpg)\"><\/div><div class=\"w-ibanner-content\"><div class=\"w-ibanner-content-h\"><h2 class=\"w-ibanner-title\">Gamme Agroalimentaire<\/h2><div class=\"w-ibanner-desc\"><p>Bennes c\u00e9r\u00e9ali\u00e8res et fond-mouvants aluminium<\/p>\n<\/div><\/div><\/div><\/div><a href=\"https:\/\/www.benalu.com\/gamme-agroalimentaire\/\" aria-label=\"Gamme Agroalimentaire\"><\/a><\/div><\/div><\/div><div class=\"wpb_column vc_column_container\"><div class=\"vc_column-inner\"><div class=\"w-ibanner animation_phorcys ratio_3x2 easing_ease\"><div class=\"w-ibanner-h\"><div class=\"w-ibanner-image\" style=\"background-image: url(https:\/\/www.egfm.fr\/wp-content\/uploads\/2021\/11\/195371333_2985426285034966_2699867603878401666_n-1-1024x683.jpg)\"><\/div><div class=\"w-ibanner-content\"><div class=\"w-ibanner-content-h\"><h2 class=\"w-ibanner-title\">Gamme envirronement<\/h2><div class=\"w-ibanner-desc\"><p>Bennes et fonds mouvants d\u00e9chets et ferraille<\/p>\n<\/div><\/div><\/div><\/div><a href=\"https:\/\/www.benalu.com\/gamme-environnement\/\" aria-label=\"Gamme envirronement\"><\/a><\/div><\/div><\/div><\/div><\/div><\/section><section class=\"l-section wpb_row height_small\"><div class=\"l-section-h i-cf\"><div class=\"g-cols via_grid cols_3 laptops-cols_inherit tablets-cols_inherit mobiles-cols_1 valign_top type_default\"><div class=\"wpb_column vc_column_container\"><div class=\"vc_column-inner\"><div class=\"w-ibanner animation_phorcys ratio_3x2 easing_ease\"><div class=\"w-ibanner-h\"><div class=\"w-ibanner-image\" style=\"background-image: url(https:\/\/www.egfm.fr\/wp-content\/uploads\/2021\/12\/122155949_2813404565570473_222211486460907074_n-1-1024x683.jpg)\"><\/div><div class=\"w-ibanner-content\"><div class=\"w-ibanner-content-h\"><h2 class=\"w-ibanner-title\">Gamme Intermodal<\/h2><div class=\"w-ibanner-desc\"><p>Ch\u00e2ssis et Container aluminium<\/p>\n<\/div><\/div><\/div><\/div><a href=\"https:\/\/www.benalu.com\/gamme-intermodal\/\" aria-label=\"Gamme Intermodal\"><\/a><\/div><\/div><\/div><div class=\"wpb_column vc_column_container\"><div class=\"vc_column-inner\"><div class=\"w-ibanner animation_phorcys ratio_3x2 easing_ease\"><div class=\"w-ibanner-h\"><div class=\"w-ibanner-image\" style=\"background-image: url(https:\/\/www.egfm.fr\/wp-content\/uploads\/2021\/12\/105212613_2708642659379998_41810950539135598_n-1-1024x683.jpg)\"><\/div><div class=\"w-ibanner-content\"><div class=\"w-ibanner-content-h\"><h2 class=\"w-ibanner-title\">Gamme Silo-Vrac<\/h2><div class=\"w-ibanner-desc\"><p>Citerne fixes ou bennables pulv\u00e9rulentes<\/p>\n<\/div><\/div><\/div><\/div><a href=\"https:\/\/www.benalu.com\/gamme-silo-vrac\/\" aria-label=\"Gamme Silo-Vrac\"><\/a><\/div><\/div><\/div><div class=\"wpb_column vc_column_container\"><div class=\"vc_column-inner\"><div class=\"w-ibanner animation_phorcys ratio_3x2 easing_ease\"><div class=\"w-ibanner-h\"><div class=\"w-ibanner-image\" style=\"background-image: url(https:\/\/www.egfm.fr\/wp-content\/uploads\/2021\/12\/151740249_2911651375745791_6135846023696532260_n-copie-1024x768.jpg)\"><\/div><div class=\"w-ibanner-content\"><div class=\"w-ibanner-content-h\"><h2 class=\"w-ibanner-title\">Gamme sp\u00e9cifique<\/h2><div class=\"w-ibanner-desc\"><p>Portes bois et remorques<\/p>\n<\/div><\/div><\/div><\/div><a href=\"https:\/\/www.benalu.com\/gamme-specifique\/\" aria-label=\"Gamme sp\u00e9cifique\"><\/a><\/div><\/div><\/div><\/div><\/div><\/section>\n","protected":false},"excerpt":{"rendered":"LA GAMME BENALU &amp; BENNES MARREL Le Leader Fran\u00e7ais de la Benne et Fond-Mouvant Nous vous proposons toute la gamme qui propose notre partenaire BENALU \/ BENNES MARREL. V\u00e9ritable leader sur son secteur, Benalu\/Bennes Marrel est le leader fran\u00e7ais incontournable et l&rsquo;un des leader europ\u00e9en de la fabrication de semi-remorques, de remorques et de porteurs...","protected":false},"author":1,"featured_media":0,"parent":0,"menu_order":0,"comment_status":"closed","ping_status":"closed","template":"","meta":{"footnotes":""},"class_list":["post-308","page","type-page","status-publish","hentry"],"yoast_head":"<!-- This site is optimized with the Yoast SEO plugin v24.9 - https:\/\/yoast.com\/wordpress\/plugins\/seo\/ -->\n<title>Benalu &amp; Bennes Marrel (SR) - EGFM SERVICES<\/title>\n<meta name=\"robots\" content=\"index, follow, max-snippet:-1, max-image-preview:large, max-video-preview:-1\" \/>\n<link rel=\"canonical\" href=\"https:\/\/www.egfm.fr\/?page_id=308\" \/>\n<meta property=\"og:locale\" content=\"fr_FR\" \/>\n<meta property=\"og:type\" content=\"article\" \/>\n<meta property=\"og:title\" content=\"Benalu &amp; Bennes Marrel (SR) - EGFM SERVICES\" \/>\n<meta property=\"og:url\" content=\"https:\/\/www.egfm.fr\/?page_id=308\" \/>\n<meta property=\"og:site_name\" content=\"EGFM SERVICES\" \/>\n<meta property=\"article:modified_time\" content=\"2021-12-28T08:58:14+00:00\" \/>\n<meta name=\"twitter:card\" content=\"summary_large_image\" \/>\n<meta name=\"twitter:label1\" content=\"Dur\u00e9e de lecture estim\u00e9e\" \/>\n\t<meta name=\"twitter:data1\" content=\"1 minute\" \/>\n<script type=\"application\/ld+json\" class=\"yoast-schema-graph\">{\"@context\":\"https:\/\/schema.org\",\"@graph\":[{\"@type\":\"WebPage\",\"@id\":\"https:\/\/www.egfm.fr\/?page_id=308\",\"url\":\"https:\/\/www.egfm.fr\/?page_id=308\",\"name\":\"Benalu & Bennes Marrel (SR) - EGFM SERVICES\",\"isPartOf\":{\"@id\":\"https:\/\/www.egfm.fr\/#website\"},\"datePublished\":\"2021-12-03T11:44:35+00:00\",\"dateModified\":\"2021-12-28T08:58:14+00:00\",\"breadcrumb\":{\"@id\":\"https:\/\/www.egfm.fr\/?page_id=308#breadcrumb\"},\"inLanguage\":\"fr-FR\",\"potentialAction\":[{\"@type\":\"ReadAction\",\"target\":[\"https:\/\/www.egfm.fr\/?page_id=308\"]}]},{\"@type\":\"BreadcrumbList\",\"@id\":\"https:\/\/www.egfm.fr\/?page_id=308#breadcrumb\",\"itemListElement\":[{\"@type\":\"ListItem\",\"position\":1,\"name\":\"Accueil\",\"item\":\"https:\/\/www.egfm.fr\/\"},{\"@type\":\"ListItem\",\"position\":2,\"name\":\"Benalu &#038; Bennes Marrel (SR)\"}]},{\"@type\":\"WebSite\",\"@id\":\"https:\/\/www.egfm.fr\/#website\",\"url\":\"https:\/\/www.egfm.fr\/\",\"name\":\"EGFM SERVICES\",\"description\":\"Votre sp\u00e9cialiste semi-remorques et porteurs\",\"publisher\":{\"@id\":\"https:\/\/www.egfm.fr\/#organization\"},\"potentialAction\":[{\"@type\":\"SearchAction\",\"target\":{\"@type\":\"EntryPoint\",\"urlTemplate\":\"https:\/\/www.egfm.fr\/?s={search_term_string}\"},\"query-input\":{\"@type\":\"PropertyValueSpecification\",\"valueRequired\":true,\"valueName\":\"search_term_string\"}}],\"inLanguage\":\"fr-FR\"},{\"@type\":\"Organization\",\"@id\":\"https:\/\/www.egfm.fr\/#organization\",\"name\":\"EGFM\",\"url\":\"https:\/\/www.egfm.fr\/\",\"logo\":{\"@type\":\"ImageObject\",\"inLanguage\":\"fr-FR\",\"@id\":\"https:\/\/www.egfm.fr\/#\/schema\/logo\/image\/\",\"url\":\"https:\/\/www.egfm.fr\/wp-content\/uploads\/2021\/12\/LOGO.png\",\"contentUrl\":\"https:\/\/www.egfm.fr\/wp-content\/uploads\/2021\/12\/LOGO.png\",\"width\":2128,\"height\":615,\"caption\":\"EGFM\"},\"image\":{\"@id\":\"https:\/\/www.egfm.fr\/#\/schema\/logo\/image\/\"}}]}<\/script>\n<!-- \/ Yoast SEO plugin. -->","yoast_head_json":{"title":"Benalu & Bennes Marrel (SR) - EGFM SERVICES","robots":{"index":"index","follow":"follow","max-snippet":"max-snippet:-1","max-image-preview":"max-image-preview:large","max-video-preview":"max-video-preview:-1"},"canonical":"https:\/\/www.egfm.fr\/?page_id=308","og_locale":"fr_FR","og_type":"article","og_title":"Benalu & Bennes Marrel (SR) - EGFM SERVICES","og_url":"https:\/\/www.egfm.fr\/?page_id=308","og_site_name":"EGFM SERVICES","article_modified_time":"2021-12-28T08:58:14+00:00","twitter_card":"summary_large_image","twitter_misc":{"Dur\u00e9e de lecture estim\u00e9e":"1 minute"},"schema":{"@context":"https:\/\/schema.org","@graph":[{"@type":"WebPage","@id":"https:\/\/www.egfm.fr\/?page_id=308","url":"https:\/\/www.egfm.fr\/?page_id=308","name":"Benalu & Bennes Marrel (SR) - EGFM SERVICES","isPartOf":{"@id":"https:\/\/www.egfm.fr\/#website"},"datePublished":"2021-12-03T11:44:35+00:00","dateModified":"2021-12-28T08:58:14+00:00","breadcrumb":{"@id":"https:\/\/www.egfm.fr\/?page_id=308#breadcrumb"},"inLanguage":"fr-FR","potentialAction":[{"@type":"ReadAction","target":["https:\/\/www.egfm.fr\/?page_id=308"]}]},{"@type":"BreadcrumbList","@id":"https:\/\/www.egfm.fr\/?page_id=308#breadcrumb","itemListElement":[{"@type":"ListItem","position":1,"name":"Accueil","item":"https:\/\/www.egfm.fr\/"},{"@type":"ListItem","position":2,"name":"Benalu &#038; Bennes Marrel (SR)"}]},{"@type":"WebSite","@id":"https:\/\/www.egfm.fr\/#website","url":"https:\/\/www.egfm.fr\/","name":"EGFM SERVICES","description":"Votre sp\u00e9cialiste semi-remorques et porteurs","publisher":{"@id":"https:\/\/www.egfm.fr\/#organization"},"potentialAction":[{"@type":"SearchAction","target":{"@type":"EntryPoint","urlTemplate":"https:\/\/www.egfm.fr\/?s={search_term_string}"},"query-input":{"@type":"PropertyValueSpecification","valueRequired":true,"valueName":"search_term_string"}}],"inLanguage":"fr-FR"},{"@type":"Organization","@id":"https:\/\/www.egfm.fr\/#organization","name":"EGFM","url":"https:\/\/www.egfm.fr\/","logo":{"@type":"ImageObject","inLanguage":"fr-FR","@id":"https:\/\/www.egfm.fr\/#\/schema\/logo\/image\/","url":"https:\/\/www.egfm.fr\/wp-content\/uploads\/2021\/12\/LOGO.png","contentUrl":"https:\/\/www.egfm.fr\/wp-content\/uploads\/2021\/12\/LOGO.png","width":2128,"height":615,"caption":"EGFM"},"image":{"@id":"https:\/\/www.egfm.fr\/#\/schema\/logo\/image\/"}}]}},"_links":{"self":[{"href":"https:\/\/www.egfm.fr\/index.php?rest_route=\/wp\/v2\/pages\/308","targetHints":{"allow":["GET"]}}],"collection":[{"href":"https:\/\/www.egfm.fr\/index.php?rest_route=\/wp\/v2\/pages"}],"about":[{"href":"https:\/\/www.egfm.fr\/index.php?rest_route=\/wp\/v2\/types\/page"}],"author":[{"embeddable":true,"href":"https:\/\/www.egfm.fr\/index.php?rest_route=\/wp\/v2\/users\/1"}],"replies":[{"embeddable":true,"href":"https:\/\/www.egfm.fr\/index.php?rest_route=%2Fwp%2Fv2%2Fcomments&post=308"}],"version-history":[{"count":55,"href":"https:\/\/www.egfm.fr\/index.php?rest_route=\/wp\/v2\/pages\/308\/revisions"}],"predecessor-version":[{"id":628,"href":"https:\/\/www.egfm.fr\/index.php?rest_route=\/wp\/v2\/pages\/308\/revisions\/628"}],"wp:attachment":[{"href":"https:\/\/www.egfm.fr\/index.php?rest_route=%2Fwp%2Fv2%2Fmedia&parent=308"}],"curies":[{"name":"wp","href":"https:\/\/api.w.org\/{rel}","templated":true}]}}