{"id":142,"date":"2021-11-12T11:46:32","date_gmt":"2021-11-12T10:46:32","guid":{"rendered":"https:\/\/www.egfm.fr\/?page_id=142"},"modified":"2021-12-03T14:57:20","modified_gmt":"2021-12-03T13:57:20","slug":"recrutement","status":"publish","type":"page","link":"https:\/\/www.egfm.fr\/?page_id=142","title":{"rendered":"Recrutement"},"content":{"rendered":"<section class=\"l-section wpb_row height_auto with_img parallax_fixed\"><div class=\"l-section-img\" style=\"background-image: url(https:\/\/www.egfm.fr\/wp-content\/uploads\/2021\/11\/91-1024x551-1.jpg);\" data-img-width=\"1024\" data-img-height=\"551\"><\/div><div class=\"l-section-overlay\" style=\"background:rgba(26,26,26,0.40)\"><\/div><div class=\"l-section-h i-cf\"><div class=\"g-cols via_grid cols_1 laptops-cols_inherit tablets-cols_inherit mobiles-cols_1 valign_top type_default\"><div class=\"wpb_column vc_column_container\"><div class=\"vc_column-inner\"><div class=\"wpb_text_column\"><div class=\"wpb_wrapper\"><h1 style=\"text-align: center;\"><span style=\"color: #ffffff;\"><span style=\"color: #ffffff;\">REJOIGNEZ NOUS<\/span><br \/>\n<\/span><\/h1>\n<\/div><\/div><\/div><\/div><\/div><\/div><\/section><section class=\"l-section wpb_row height_medium with_img parallax_fixed\"><div class=\"l-section-img\" style=\"background-image: url(https:\/\/www.egfm.fr\/wp-content\/uploads\/2021\/11\/91-1024x551-1.jpg);\" data-img-width=\"1024\" data-img-height=\"551\"><\/div><div class=\"l-section-overlay\" style=\"background:rgba(26,26,26,0.40)\"><\/div><div class=\"l-section-h i-cf\"><div class=\"g-cols via_grid cols_2-1 laptops-cols_inherit tablets-cols_inherit mobiles-cols_1 valign_top type_default\"><div class=\"wpb_column vc_column_container\"><div class=\"vc_column-inner\"><div class=\"wpb_text_column\"><div class=\"wpb_wrapper\"><div class=\"l-section-overlay\"><\/div>\n<div class=\"l-section-h i-cf\">\n<div class=\"g-cols via_flex valign_middle type_default\">\n<div class=\"vc_col-sm-8 wpb_column vc_column_container\">\n<div class=\"vc_column-inner\">\n<div class=\"wpb_wrapper\">\n<h2 class=\"vc_custom_heading us_custom_fe8d3e79\"><span style=\"color: #ffffff;\"><strong>RECRUTEMENT<\/strong><\/span><\/h2>\n<div class=\"wpb_text_column\">\n<div class=\"wpb_wrapper\">\n<h3><span style=\"color: #ffffff;\"><strong>Faites partie de l\u2019aventure EGFM!<\/strong><\/span><\/h3>\n<p><span style=\"color: #ffffff;\"><em><strong>Pourquoi nous rejoindre?<\/strong><\/em><\/span><\/p>\n<ul>\n<li><span style=\"color: #ffffff;\">\u00a0Rejoindre EGFM c\u2019est avant tout int\u00e9grer une entreprise familiale et humaine !<\/span><\/li>\n<li><span style=\"color: #ffffff;\">\u00a0C\u2019est participer \u00e0 une croissance en forte \u00e9volution et travailler avec les meilleurs marques du march\u00e9<\/span><\/li>\n<li><span style=\"color: #ffffff;\">\u00a0C\u2019est aussi \u00e9voluer dans des postes vari\u00e9s : \u00c9lectriciens, agents administratifs, M\u00e9canicien, Commercial, Chaudronnier, &#8230;<\/span><\/li>\n<\/ul>\n<\/div>\n<\/div>\n<div class=\"w-separator size_medium with_line width_30 thick_1 style_solid color_border align_center\">\n<div class=\"w-separator-h\"><\/div>\n<\/div>\n<div class=\"wpb_text_column\">\n<div class=\"wpb_wrapper\">\n<h6><span style=\"color: #ffffff;\"><strong>Contactez notre service ressources humaines pour envoyer votre candidature spontan\u00e9e ou connaitre nos offres en cours !<\/strong><\/span><\/h6>\n<\/div>\n<\/div>\n<\/div>\n<\/div>\n<\/div>\n<\/div>\n<\/div>\n<\/div><\/div><\/div><\/div><div class=\"wpb_column vc_column_container\"><div class=\"vc_column-inner\">\n<div class=\"wpcf7 no-js\" id=\"wpcf7-f199-o1\" lang=\"fr-FR\" dir=\"ltr\">\n<div class=\"screen-reader-response\"><p role=\"status\" aria-live=\"polite\" aria-atomic=\"true\"><\/p> <ul><\/ul><\/div>\n<form action=\"\/index.php?rest_route=%2Fwp%2Fv2%2Fpages%2F142#wpcf7-f199-o1\" method=\"post\" class=\"wpcf7-form init\" aria-label=\"Formulaire de contact\" enctype=\"multipart\/form-data\" novalidate=\"novalidate\" data-status=\"init\">\n<div style=\"display: none;\">\n<input type=\"hidden\" name=\"_wpcf7\" value=\"199\" \/>\n<input type=\"hidden\" name=\"_wpcf7_version\" value=\"5.7.7\" \/>\n<input type=\"hidden\" name=\"_wpcf7_locale\" value=\"fr_FR\" \/>\n<input type=\"hidden\" name=\"_wpcf7_unit_tag\" value=\"wpcf7-f199-o1\" \/>\n<input type=\"hidden\" name=\"_wpcf7_container_post\" value=\"0\" \/>\n<input type=\"hidden\" name=\"_wpcf7_posted_data_hash\" value=\"\" \/>\n<\/div>\n<p><label> Votre nom<br \/>\n<span class=\"wpcf7-form-control-wrap\" data-name=\"your-name\"><input size=\"40\" class=\"wpcf7-form-control wpcf7-text wpcf7-validates-as-required\" aria-required=\"true\" aria-invalid=\"false\" value=\"\" type=\"text\" name=\"your-name\" \/><\/span> <\/label>\n<\/p>\n<p><label> Votre pr\u00e9nom<br \/>\n<span class=\"wpcf7-form-control-wrap\" data-name=\"your-name\"><input size=\"40\" class=\"wpcf7-form-control wpcf7-text wpcf7-validates-as-required\" aria-required=\"true\" aria-invalid=\"false\" value=\"\" type=\"text\" name=\"your-name\" \/><\/span> <\/label>\n<\/p>\n<p><label> Votre e-mail<br \/>\n<span class=\"wpcf7-form-control-wrap\" data-name=\"your-email\"><input size=\"40\" class=\"wpcf7-form-control wpcf7-text wpcf7-email wpcf7-validates-as-required wpcf7-validates-as-email\" aria-required=\"true\" aria-invalid=\"false\" value=\"\" type=\"email\" name=\"your-email\" \/><\/span> <\/label>\n<\/p>\n<p><span class=\"wpcf7-form-control-wrap\" data-name=\"file-281\"><input size=\"40\" class=\"wpcf7-form-control wpcf7-file\" accept=\".pdf,.word\" aria-invalid=\"false\" type=\"file\" name=\"file-281\" \/><\/span>\n<\/p>\n<p><input class=\"wpcf7-form-control has-spinner wpcf7-submit\" type=\"submit\" value=\"Envoyer\" \/>\n<\/p><div class=\"wpcf7-response-output\" aria-hidden=\"true\"><\/div>\n<\/form>\n<\/div>\n<\/div><\/div><\/div><\/div><\/section><section class=\"l-section wpb_row height_medium\"><div class=\"l-section-h i-cf\"><div class=\"g-cols via_grid cols_1 laptops-cols_inherit tablets-cols_inherit mobiles-cols_1 valign_top type_default\"><div class=\"wpb_column vc_column_container\"><div class=\"vc_column-inner\">[vc_raw_html]JTVCam9icyU1RA==[\/vc_raw_html]<\/div><\/div><\/div><\/div><\/section>\n","protected":false},"excerpt":{"rendered":"REJOIGNEZ NOUS RECRUTEMENT Faites partie de l\u2019aventure EGFM! Pourquoi nous rejoindre? \u00a0Rejoindre EGFM c\u2019est avant tout int\u00e9grer une entreprise familiale et humaine ! \u00a0C\u2019est participer \u00e0 une croissance en forte \u00e9volution et travailler avec les meilleurs marques du march\u00e9 \u00a0C\u2019est aussi \u00e9voluer dans des postes vari\u00e9s : \u00c9lectriciens, agents administratifs, M\u00e9canicien, Commercial, Chaudronnier, &#8230; Contactez...","protected":false},"author":1,"featured_media":0,"parent":0,"menu_order":0,"comment_status":"closed","ping_status":"closed","template":"","meta":{"footnotes":""},"class_list":["post-142","page","type-page","status-publish","hentry"],"yoast_head":"<!-- This site is optimized with the Yoast SEO plugin v24.9 - https:\/\/yoast.com\/wordpress\/plugins\/seo\/ -->\n<title>Recrutement - EGFM SERVICES<\/title>\n<meta name=\"robots\" content=\"index, follow, max-snippet:-1, max-image-preview:large, max-video-preview:-1\" \/>\n<link rel=\"canonical\" href=\"https:\/\/www.egfm.fr\/?page_id=142\" \/>\n<meta property=\"og:locale\" content=\"fr_FR\" \/>\n<meta property=\"og:type\" content=\"article\" \/>\n<meta property=\"og:title\" content=\"Recrutement - EGFM SERVICES\" \/>\n<meta property=\"og:url\" content=\"https:\/\/www.egfm.fr\/?page_id=142\" \/>\n<meta property=\"og:site_name\" content=\"EGFM SERVICES\" \/>\n<meta property=\"article:modified_time\" content=\"2021-12-03T13:57:20+00:00\" \/>\n<meta name=\"twitter:card\" content=\"summary_large_image\" \/>\n<meta name=\"twitter:label1\" content=\"Dur\u00e9e de lecture estim\u00e9e\" \/>\n\t<meta name=\"twitter:data1\" content=\"1 minute\" \/>\n<script type=\"application\/ld+json\" class=\"yoast-schema-graph\">{\"@context\":\"https:\/\/schema.org\",\"@graph\":[{\"@type\":\"WebPage\",\"@id\":\"https:\/\/www.egfm.fr\/?page_id=142\",\"url\":\"https:\/\/www.egfm.fr\/?page_id=142\",\"name\":\"Recrutement - EGFM SERVICES\",\"isPartOf\":{\"@id\":\"https:\/\/www.egfm.fr\/#website\"},\"datePublished\":\"2021-11-12T10:46:32+00:00\",\"dateModified\":\"2021-12-03T13:57:20+00:00\",\"breadcrumb\":{\"@id\":\"https:\/\/www.egfm.fr\/?page_id=142#breadcrumb\"},\"inLanguage\":\"fr-FR\",\"potentialAction\":[{\"@type\":\"ReadAction\",\"target\":[\"https:\/\/www.egfm.fr\/?page_id=142\"]}]},{\"@type\":\"BreadcrumbList\",\"@id\":\"https:\/\/www.egfm.fr\/?page_id=142#breadcrumb\",\"itemListElement\":[{\"@type\":\"ListItem\",\"position\":1,\"name\":\"Accueil\",\"item\":\"https:\/\/www.egfm.fr\/\"},{\"@type\":\"ListItem\",\"position\":2,\"name\":\"Recrutement\"}]},{\"@type\":\"WebSite\",\"@id\":\"https:\/\/www.egfm.fr\/#website\",\"url\":\"https:\/\/www.egfm.fr\/\",\"name\":\"EGFM SERVICES\",\"description\":\"Votre sp\u00e9cialiste semi-remorques et porteurs\",\"publisher\":{\"@id\":\"https:\/\/www.egfm.fr\/#organization\"},\"potentialAction\":[{\"@type\":\"SearchAction\",\"target\":{\"@type\":\"EntryPoint\",\"urlTemplate\":\"https:\/\/www.egfm.fr\/?s={search_term_string}\"},\"query-input\":{\"@type\":\"PropertyValueSpecification\",\"valueRequired\":true,\"valueName\":\"search_term_string\"}}],\"inLanguage\":\"fr-FR\"},{\"@type\":\"Organization\",\"@id\":\"https:\/\/www.egfm.fr\/#organization\",\"name\":\"EGFM\",\"url\":\"https:\/\/www.egfm.fr\/\",\"logo\":{\"@type\":\"ImageObject\",\"inLanguage\":\"fr-FR\",\"@id\":\"https:\/\/www.egfm.fr\/#\/schema\/logo\/image\/\",\"url\":\"https:\/\/www.egfm.fr\/wp-content\/uploads\/2021\/12\/LOGO.png\",\"contentUrl\":\"https:\/\/www.egfm.fr\/wp-content\/uploads\/2021\/12\/LOGO.png\",\"width\":2128,\"height\":615,\"caption\":\"EGFM\"},\"image\":{\"@id\":\"https:\/\/www.egfm.fr\/#\/schema\/logo\/image\/\"}}]}<\/script>\n<!-- \/ Yoast SEO plugin. -->","yoast_head_json":{"title":"Recrutement - EGFM SERVICES","robots":{"index":"index","follow":"follow","max-snippet":"max-snippet:-1","max-image-preview":"max-image-preview:large","max-video-preview":"max-video-preview:-1"},"canonical":"https:\/\/www.egfm.fr\/?page_id=142","og_locale":"fr_FR","og_type":"article","og_title":"Recrutement - EGFM SERVICES","og_url":"https:\/\/www.egfm.fr\/?page_id=142","og_site_name":"EGFM SERVICES","article_modified_time":"2021-12-03T13:57:20+00:00","twitter_card":"summary_large_image","twitter_misc":{"Dur\u00e9e de lecture estim\u00e9e":"1 minute"},"schema":{"@context":"https:\/\/schema.org","@graph":[{"@type":"WebPage","@id":"https:\/\/www.egfm.fr\/?page_id=142","url":"https:\/\/www.egfm.fr\/?page_id=142","name":"Recrutement - EGFM SERVICES","isPartOf":{"@id":"https:\/\/www.egfm.fr\/#website"},"datePublished":"2021-11-12T10:46:32+00:00","dateModified":"2021-12-03T13:57:20+00:00","breadcrumb":{"@id":"https:\/\/www.egfm.fr\/?page_id=142#breadcrumb"},"inLanguage":"fr-FR","potentialAction":[{"@type":"ReadAction","target":["https:\/\/www.egfm.fr\/?page_id=142"]}]},{"@type":"BreadcrumbList","@id":"https:\/\/www.egfm.fr\/?page_id=142#breadcrumb","itemListElement":[{"@type":"ListItem","position":1,"name":"Accueil","item":"https:\/\/www.egfm.fr\/"},{"@type":"ListItem","position":2,"name":"Recrutement"}]},{"@type":"WebSite","@id":"https:\/\/www.egfm.fr\/#website","url":"https:\/\/www.egfm.fr\/","name":"EGFM SERVICES","description":"Votre sp\u00e9cialiste semi-remorques et porteurs","publisher":{"@id":"https:\/\/www.egfm.fr\/#organization"},"potentialAction":[{"@type":"SearchAction","target":{"@type":"EntryPoint","urlTemplate":"https:\/\/www.egfm.fr\/?s={search_term_string}"},"query-input":{"@type":"PropertyValueSpecification","valueRequired":true,"valueName":"search_term_string"}}],"inLanguage":"fr-FR"},{"@type":"Organization","@id":"https:\/\/www.egfm.fr\/#organization","name":"EGFM","url":"https:\/\/www.egfm.fr\/","logo":{"@type":"ImageObject","inLanguage":"fr-FR","@id":"https:\/\/www.egfm.fr\/#\/schema\/logo\/image\/","url":"https:\/\/www.egfm.fr\/wp-content\/uploads\/2021\/12\/LOGO.png","contentUrl":"https:\/\/www.egfm.fr\/wp-content\/uploads\/2021\/12\/LOGO.png","width":2128,"height":615,"caption":"EGFM"},"image":{"@id":"https:\/\/www.egfm.fr\/#\/schema\/logo\/image\/"}}]}},"_links":{"self":[{"href":"https:\/\/www.egfm.fr\/index.php?rest_route=\/wp\/v2\/pages\/142","targetHints":{"allow":["GET"]}}],"collection":[{"href":"https:\/\/www.egfm.fr\/index.php?rest_route=\/wp\/v2\/pages"}],"about":[{"href":"https:\/\/www.egfm.fr\/index.php?rest_route=\/wp\/v2\/types\/page"}],"author":[{"embeddable":true,"href":"https:\/\/www.egfm.fr\/index.php?rest_route=\/wp\/v2\/users\/1"}],"replies":[{"embeddable":true,"href":"https:\/\/www.egfm.fr\/index.php?rest_route=%2Fwp%2Fv2%2Fcomments&post=142"}],"version-history":[{"count":19,"href":"https:\/\/www.egfm.fr\/index.php?rest_route=\/wp\/v2\/pages\/142\/revisions"}],"predecessor-version":[{"id":357,"href":"https:\/\/www.egfm.fr\/index.php?rest_route=\/wp\/v2\/pages\/142\/revisions\/357"}],"wp:attachment":[{"href":"https:\/\/www.egfm.fr\/index.php?rest_route=%2Fwp%2Fv2%2Fmedia&parent=142"}],"curies":[{"name":"wp","href":"https:\/\/api.w.org\/{rel}","templated":true}]}}