{"id":138,"date":"2021-11-12T11:45:57","date_gmt":"2021-11-12T10:45:57","guid":{"rendered":"https:\/\/www.egfm.fr\/?page_id=138"},"modified":"2022-01-19T22:32:49","modified_gmt":"2022-01-19T21:32:49","slug":"pieces-de-rechanges","status":"publish","type":"page","link":"https:\/\/www.egfm.fr\/?page_id=138","title":{"rendered":"Pi\u00e8ces de rechanges"},"content":{"rendered":"<section class=\"l-section wpb_row height_auto with_img parallax_fixed\"><div class=\"l-section-img\" style=\"background-image: url(https:\/\/www.egfm.fr\/wp-content\/uploads\/2021\/11\/magasin-de-pieces2.jpg);\" data-img-width=\"1024\" data-img-height=\"683\"><\/div><div class=\"l-section-overlay\" style=\"background:rgba(51,51,51,0.65)\"><\/div><div class=\"l-section-h i-cf\"><div class=\"g-cols via_grid cols_1 laptops-cols_inherit tablets-cols_inherit mobiles-cols_1 valign_top type_default\"><div class=\"wpb_column vc_column_container\"><div class=\"vc_column-inner\"><div class=\"wpb_text_column\"><div class=\"wpb_wrapper\"><h1 style=\"text-align: center;\"><span style=\"color: #ffffff;\">PI\u00c8CES DE RECHANGES<\/span><\/h1>\n<\/div><\/div><\/div><\/div><\/div><\/div><\/section><section class=\"l-section wpb_row height_large width_full with_img parallax_fixed\"><div class=\"l-section-img\" style=\"background-image: url(https:\/\/www.egfm.fr\/wp-content\/uploads\/2021\/11\/magasin-de-pieces2.jpg);\" data-img-width=\"1024\" data-img-height=\"683\"><\/div><div class=\"l-section-overlay\" style=\"background:rgba(51,51,51,0.65)\"><\/div><div class=\"l-section-h i-cf\"><div class=\"g-cols via_grid cols_2 laptops-cols_inherit tablets-cols_inherit mobiles-cols_1 valign_middle type_default\"><div class=\"wpb_column vc_column_container us_custom_4d90cddd has_bg_color us_animate_afl\"><div class=\"vc_column-inner\"><div class=\"g-cols wpb_row via_grid cols_3 laptops-cols_inherit tablets-cols_inherit mobiles-cols_1 valign_top type_default\"><div class=\"wpb_column vc_column_container\"><div class=\"vc_column-inner\"><\/div><\/div><div class=\"wpb_column vc_column_container\"><div class=\"vc_column-inner\"><div class=\"w-image align_none\"><div class=\"w-image-h\"><img loading=\"lazy\" decoding=\"async\" width=\"300\" height=\"87\" src=\"https:\/\/www.egfm.fr\/wp-content\/uploads\/2021\/11\/LOGO-300x87.png\" class=\"attachment-medium size-medium\" alt=\"\" srcset=\"https:\/\/www.egfm.fr\/wp-content\/uploads\/2021\/11\/LOGO-300x87.png 300w, https:\/\/www.egfm.fr\/wp-content\/uploads\/2021\/11\/LOGO-1024x296.png 1024w\" sizes=\"auto, (max-width: 300px) 100vw, 300px\" \/><\/div><\/div><\/div><\/div><div class=\"wpb_column vc_column_container\"><div class=\"vc_column-inner\"><\/div><\/div><\/div><div class=\"wpb_text_column us_custom_d8cbb9ac\"><div class=\"wpb_wrapper\"><h3>Nous s\u00e9lectionnons syst\u00e9matiquement les pi\u00e8ces d&rsquo;origines de nos marques partenaires<\/h3>\n<p>En choisissant une pi\u00e8ce d\u00e9tach\u00e9e Faymonville, Benalu ou Kesla, vous choisissez la qualit\u00e9 par excellence. Alors pourquoi se contenter de pi\u00e8ces de rechange de qualit\u00e9 inf\u00e9rieure ? Les pi\u00e8ces d&rsquo;origine de nos partenaires vous donnent la garantie d&rsquo;une qualit\u00e9 exceptionnelle. Fabriqu\u00e9es selon les directives sp\u00e9cifiques des constructeurs et soigneusement contr\u00f4l\u00e9es pour respecter des normes de qualit\u00e9 strictes, elles offrent une fiabilit\u00e9 et une rentabilit\u00e9 optimales.<\/p>\n<\/div><\/div><\/div><\/div><div class=\"wpb_column vc_column_container us_custom_dd81fc09 us_animate_afr\" style=\"animation-delay:1s\"><div class=\"vc_column-inner\"><\/div><\/div><\/div><\/div><\/section><section class=\"l-section wpb_row height_small\"><div class=\"l-section-h i-cf\"><div class=\"g-cols via_grid cols_1-2-1 laptops-cols_inherit tablets-cols_inherit mobiles-cols_1 valign_top type_default\"><div class=\"wpb_column vc_column_container\"><div class=\"vc_column-inner\"><div class=\"w-image align_none\"><div class=\"w-image-h\"><img loading=\"lazy\" decoding=\"async\" width=\"250\" height=\"500\" src=\"https:\/\/www.egfm.fr\/wp-content\/uploads\/2021\/12\/magasin-egfm.jpg\" class=\"attachment-large size-large\" alt=\"\" srcset=\"https:\/\/www.egfm.fr\/wp-content\/uploads\/2021\/12\/magasin-egfm.jpg 250w, https:\/\/www.egfm.fr\/wp-content\/uploads\/2021\/12\/magasin-egfm-150x300.jpg 150w\" sizes=\"auto, (max-width: 250px) 100vw, 250px\" \/><\/div><\/div><\/div><\/div><div class=\"wpb_column vc_column_container\"><div class=\"vc_column-inner\"><div class=\"wpb_text_column\"><div class=\"wpb_wrapper\"><h3><strong>Retrouvez toutes les pi\u00e8ces des marques partenaires :<\/strong><\/h3>\n<ul>\n<li>Bennes Marrel<\/li>\n<li>Benalu<\/li>\n<li>Lecitrailer<\/li>\n<li>Faymonville<\/li>\n<li>Dalby<\/li>\n<li>Kesla<\/li>\n<li>Freinage tout type d\u2019essieu<\/li>\n<li>M\u00e9canique tout type de suspension<\/li>\n<li>Autres \u2013 Nous consulter<\/li>\n<\/ul>\n<\/div><\/div><\/div><\/div><div class=\"wpb_column vc_column_container us_custom_5845f6db has_bg_color\"><div class=\"vc_column-inner\"><div class=\"wpb_text_column\"><div class=\"wpb_wrapper\"><h3>Contactez nous<\/h3>\n<\/div><\/div><div class=\"w-contacts\"><div class=\"w-contacts-list\"><div class=\"w-contacts-item for_address\"><span class=\"w-contacts-item-value\">17 Rue Guynemer - ZI Blanquefort - 33290 BLANQUEFORT<\/span><\/div><div class=\"w-contacts-item for_phone\"><span class=\"w-contacts-item-value\">0556354625<\/span><\/div><div class=\"w-contacts-item for_email\"><span class=\"w-contacts-item-value\"><a href=\"mailto:lydia@egs-gfm.com\">lydia@egs-gfm.com<\/a><\/span><\/div><\/div><\/div><\/div><\/div><\/div><\/div><\/section>\n","protected":false},"excerpt":{"rendered":"PI\u00c8CES DE RECHANGES Nous s\u00e9lectionnons syst\u00e9matiquement les pi\u00e8ces d&rsquo;origines de nos marques partenaires En choisissant une pi\u00e8ce d\u00e9tach\u00e9e Faymonville, Benalu ou Kesla, vous choisissez la qualit\u00e9 par excellence. Alors pourquoi se contenter de pi\u00e8ces de rechange de qualit\u00e9 inf\u00e9rieure ? Les pi\u00e8ces d&rsquo;origine de nos partenaires vous donnent la garantie d&rsquo;une qualit\u00e9 exceptionnelle. Fabriqu\u00e9es selon...","protected":false},"author":1,"featured_media":0,"parent":0,"menu_order":0,"comment_status":"closed","ping_status":"closed","template":"","meta":{"footnotes":""},"class_list":["post-138","page","type-page","status-publish","hentry"],"yoast_head":"<!-- This site is optimized with the Yoast SEO plugin v24.9 - https:\/\/yoast.com\/wordpress\/plugins\/seo\/ -->\n<title>Pi\u00e8ces de rechanges - EGFM SERVICES<\/title>\n<meta name=\"robots\" content=\"index, follow, max-snippet:-1, max-image-preview:large, max-video-preview:-1\" \/>\n<link rel=\"canonical\" href=\"https:\/\/www.egfm.fr\/?page_id=138\" \/>\n<meta property=\"og:locale\" content=\"fr_FR\" \/>\n<meta property=\"og:type\" content=\"article\" \/>\n<meta property=\"og:title\" content=\"Pi\u00e8ces de rechanges - EGFM SERVICES\" \/>\n<meta property=\"og:url\" content=\"https:\/\/www.egfm.fr\/?page_id=138\" \/>\n<meta property=\"og:site_name\" content=\"EGFM SERVICES\" \/>\n<meta property=\"article:modified_time\" content=\"2022-01-19T21:32:49+00:00\" \/>\n<meta name=\"twitter:card\" content=\"summary_large_image\" \/>\n<meta name=\"twitter:label1\" content=\"Dur\u00e9e de lecture estim\u00e9e\" \/>\n\t<meta name=\"twitter:data1\" content=\"1 minute\" \/>\n<script type=\"application\/ld+json\" class=\"yoast-schema-graph\">{\"@context\":\"https:\/\/schema.org\",\"@graph\":[{\"@type\":\"WebPage\",\"@id\":\"https:\/\/www.egfm.fr\/?page_id=138\",\"url\":\"https:\/\/www.egfm.fr\/?page_id=138\",\"name\":\"Pi\u00e8ces de rechanges - EGFM SERVICES\",\"isPartOf\":{\"@id\":\"https:\/\/www.egfm.fr\/#website\"},\"datePublished\":\"2021-11-12T10:45:57+00:00\",\"dateModified\":\"2022-01-19T21:32:49+00:00\",\"breadcrumb\":{\"@id\":\"https:\/\/www.egfm.fr\/?page_id=138#breadcrumb\"},\"inLanguage\":\"fr-FR\",\"potentialAction\":[{\"@type\":\"ReadAction\",\"target\":[\"https:\/\/www.egfm.fr\/?page_id=138\"]}]},{\"@type\":\"BreadcrumbList\",\"@id\":\"https:\/\/www.egfm.fr\/?page_id=138#breadcrumb\",\"itemListElement\":[{\"@type\":\"ListItem\",\"position\":1,\"name\":\"Accueil\",\"item\":\"https:\/\/www.egfm.fr\/\"},{\"@type\":\"ListItem\",\"position\":2,\"name\":\"Pi\u00e8ces de rechanges\"}]},{\"@type\":\"WebSite\",\"@id\":\"https:\/\/www.egfm.fr\/#website\",\"url\":\"https:\/\/www.egfm.fr\/\",\"name\":\"EGFM SERVICES\",\"description\":\"Votre sp\u00e9cialiste semi-remorques et porteurs\",\"publisher\":{\"@id\":\"https:\/\/www.egfm.fr\/#organization\"},\"potentialAction\":[{\"@type\":\"SearchAction\",\"target\":{\"@type\":\"EntryPoint\",\"urlTemplate\":\"https:\/\/www.egfm.fr\/?s={search_term_string}\"},\"query-input\":{\"@type\":\"PropertyValueSpecification\",\"valueRequired\":true,\"valueName\":\"search_term_string\"}}],\"inLanguage\":\"fr-FR\"},{\"@type\":\"Organization\",\"@id\":\"https:\/\/www.egfm.fr\/#organization\",\"name\":\"EGFM\",\"url\":\"https:\/\/www.egfm.fr\/\",\"logo\":{\"@type\":\"ImageObject\",\"inLanguage\":\"fr-FR\",\"@id\":\"https:\/\/www.egfm.fr\/#\/schema\/logo\/image\/\",\"url\":\"https:\/\/www.egfm.fr\/wp-content\/uploads\/2021\/12\/LOGO.png\",\"contentUrl\":\"https:\/\/www.egfm.fr\/wp-content\/uploads\/2021\/12\/LOGO.png\",\"width\":2128,\"height\":615,\"caption\":\"EGFM\"},\"image\":{\"@id\":\"https:\/\/www.egfm.fr\/#\/schema\/logo\/image\/\"}}]}<\/script>\n<!-- \/ Yoast SEO plugin. -->","yoast_head_json":{"title":"Pi\u00e8ces de rechanges - EGFM SERVICES","robots":{"index":"index","follow":"follow","max-snippet":"max-snippet:-1","max-image-preview":"max-image-preview:large","max-video-preview":"max-video-preview:-1"},"canonical":"https:\/\/www.egfm.fr\/?page_id=138","og_locale":"fr_FR","og_type":"article","og_title":"Pi\u00e8ces de rechanges - EGFM SERVICES","og_url":"https:\/\/www.egfm.fr\/?page_id=138","og_site_name":"EGFM SERVICES","article_modified_time":"2022-01-19T21:32:49+00:00","twitter_card":"summary_large_image","twitter_misc":{"Dur\u00e9e de lecture estim\u00e9e":"1 minute"},"schema":{"@context":"https:\/\/schema.org","@graph":[{"@type":"WebPage","@id":"https:\/\/www.egfm.fr\/?page_id=138","url":"https:\/\/www.egfm.fr\/?page_id=138","name":"Pi\u00e8ces de rechanges - EGFM SERVICES","isPartOf":{"@id":"https:\/\/www.egfm.fr\/#website"},"datePublished":"2021-11-12T10:45:57+00:00","dateModified":"2022-01-19T21:32:49+00:00","breadcrumb":{"@id":"https:\/\/www.egfm.fr\/?page_id=138#breadcrumb"},"inLanguage":"fr-FR","potentialAction":[{"@type":"ReadAction","target":["https:\/\/www.egfm.fr\/?page_id=138"]}]},{"@type":"BreadcrumbList","@id":"https:\/\/www.egfm.fr\/?page_id=138#breadcrumb","itemListElement":[{"@type":"ListItem","position":1,"name":"Accueil","item":"https:\/\/www.egfm.fr\/"},{"@type":"ListItem","position":2,"name":"Pi\u00e8ces de rechanges"}]},{"@type":"WebSite","@id":"https:\/\/www.egfm.fr\/#website","url":"https:\/\/www.egfm.fr\/","name":"EGFM SERVICES","description":"Votre sp\u00e9cialiste semi-remorques et porteurs","publisher":{"@id":"https:\/\/www.egfm.fr\/#organization"},"potentialAction":[{"@type":"SearchAction","target":{"@type":"EntryPoint","urlTemplate":"https:\/\/www.egfm.fr\/?s={search_term_string}"},"query-input":{"@type":"PropertyValueSpecification","valueRequired":true,"valueName":"search_term_string"}}],"inLanguage":"fr-FR"},{"@type":"Organization","@id":"https:\/\/www.egfm.fr\/#organization","name":"EGFM","url":"https:\/\/www.egfm.fr\/","logo":{"@type":"ImageObject","inLanguage":"fr-FR","@id":"https:\/\/www.egfm.fr\/#\/schema\/logo\/image\/","url":"https:\/\/www.egfm.fr\/wp-content\/uploads\/2021\/12\/LOGO.png","contentUrl":"https:\/\/www.egfm.fr\/wp-content\/uploads\/2021\/12\/LOGO.png","width":2128,"height":615,"caption":"EGFM"},"image":{"@id":"https:\/\/www.egfm.fr\/#\/schema\/logo\/image\/"}}]}},"_links":{"self":[{"href":"https:\/\/www.egfm.fr\/index.php?rest_route=\/wp\/v2\/pages\/138","targetHints":{"allow":["GET"]}}],"collection":[{"href":"https:\/\/www.egfm.fr\/index.php?rest_route=\/wp\/v2\/pages"}],"about":[{"href":"https:\/\/www.egfm.fr\/index.php?rest_route=\/wp\/v2\/types\/page"}],"author":[{"embeddable":true,"href":"https:\/\/www.egfm.fr\/index.php?rest_route=\/wp\/v2\/users\/1"}],"replies":[{"embeddable":true,"href":"https:\/\/www.egfm.fr\/index.php?rest_route=%2Fwp%2Fv2%2Fcomments&post=138"}],"version-history":[{"count":20,"href":"https:\/\/www.egfm.fr\/index.php?rest_route=\/wp\/v2\/pages\/138\/revisions"}],"predecessor-version":[{"id":648,"href":"https:\/\/www.egfm.fr\/index.php?rest_route=\/wp\/v2\/pages\/138\/revisions\/648"}],"wp:attachment":[{"href":"https:\/\/www.egfm.fr\/index.php?rest_route=%2Fwp%2Fv2%2Fmedia&parent=138"}],"curies":[{"name":"wp","href":"https:\/\/api.w.org\/{rel}","templated":true}]}}