{"id":136,"date":"2021-11-12T11:45:40","date_gmt":"2021-11-12T10:45:40","guid":{"rendered":"https:\/\/www.egfm.fr\/?page_id=136"},"modified":"2022-02-15T11:37:57","modified_gmt":"2022-02-15T10:37:57","slug":"atelier","status":"publish","type":"page","link":"https:\/\/www.egfm.fr\/?page_id=136","title":{"rendered":"Atelier"},"content":{"rendered":"<section class=\"l-section wpb_row height_auto with_img parallax_fixed\"><div class=\"l-section-img\" style=\"background-image: url(https:\/\/www.egfm.fr\/wp-content\/uploads\/2021\/11\/3820.jpg);\" data-img-width=\"1200\" data-img-height=\"470\"><\/div><div class=\"l-section-overlay\" style=\"background:rgba(51,51,51,0.65)\"><\/div><div class=\"l-section-h i-cf\"><div class=\"g-cols via_grid cols_1 laptops-cols_inherit tablets-cols_inherit mobiles-cols_1 valign_top type_default\"><div class=\"wpb_column vc_column_container\"><div class=\"vc_column-inner\"><div class=\"wpb_text_column\"><div class=\"wpb_wrapper\"><h1 style=\"text-align: center;\"><span style=\"color: #ffffff;\">ATELIER<\/span><\/h1>\n<\/div><\/div><\/div><\/div><\/div><\/div><\/section><section class=\"l-section wpb_row height_large width_full with_img parallax_fixed\"><div class=\"l-section-img\" style=\"background-image: url(https:\/\/www.egfm.fr\/wp-content\/uploads\/2021\/11\/3820.jpg);\" data-img-width=\"1200\" data-img-height=\"470\"><\/div><div class=\"l-section-overlay\" style=\"background:rgba(51,51,51,0.65)\"><\/div><div class=\"l-section-h i-cf\"><div class=\"g-cols via_grid cols_2 laptops-cols_inherit tablets-cols_inherit mobiles-cols_1 valign_middle type_default\"><div class=\"wpb_column vc_column_container us_custom_dd81fc09 us_animate_afr\" style=\"animation-delay:1s\"><div class=\"vc_column-inner\"><\/div><\/div><div class=\"wpb_column vc_column_container us_custom_4d90cddd has_bg_color us_animate_afl\"><div class=\"vc_column-inner\"><div class=\"g-cols wpb_row via_grid cols_3 laptops-cols_inherit tablets-cols_inherit mobiles-cols_1 valign_top type_default\"><div class=\"wpb_column vc_column_container\"><div class=\"vc_column-inner\"><\/div><\/div><div class=\"wpb_column vc_column_container\"><div class=\"vc_column-inner\"><div class=\"w-image align_none\"><div class=\"w-image-h\"><img loading=\"lazy\" decoding=\"async\" width=\"300\" height=\"87\" src=\"https:\/\/www.egfm.fr\/wp-content\/uploads\/2021\/11\/LOGO-300x87.png\" class=\"attachment-medium size-medium\" alt=\"\" srcset=\"https:\/\/www.egfm.fr\/wp-content\/uploads\/2021\/11\/LOGO-300x87.png 300w, https:\/\/www.egfm.fr\/wp-content\/uploads\/2021\/11\/LOGO-1024x296.png 1024w\" sizes=\"auto, (max-width: 300px) 100vw, 300px\" \/><\/div><\/div><\/div><\/div><div class=\"wpb_column vc_column_container\"><div class=\"vc_column-inner\"><\/div><\/div><\/div><div class=\"wpb_text_column us_custom_d8cbb9ac\"><div class=\"wpb_wrapper\"><h3>Atelier fabrication et r\u00e9paration poids lourds<\/h3>\n<p>Nous vous proposons un service d\u2019entretien et r\u00e9paration de vos v\u00e9hicules industriels.<\/p>\n<p>Nos m\u00e9caniciens qualifi\u00e9s sont des professionnels de la r\u00e9paration. Ils prendront en charge l\u2019entretien de votre v\u00e9hicule. La maintenance et l\u2019entretien et r\u00e9paration de vos \u00e9quipements hydrauliques et chaudronnerie Poids Lourd lui assurera une disponibilit\u00e9 et une long\u00e9vit\u00e9 augment\u00e9e.<\/p>\n<\/div><\/div><\/div><\/div><\/div><\/div><\/section><section class=\"l-section wpb_row height_small\"><div class=\"l-section-h i-cf\"><div class=\"g-cols via_grid cols_1-2-1 laptops-cols_inherit tablets-cols_inherit mobiles-cols_1 valign_top type_default\"><div class=\"wpb_column vc_column_container\"><div class=\"vc_column-inner\"><div class=\"w-image align_none\"><div class=\"w-image-h\"><img loading=\"lazy\" decoding=\"async\" width=\"250\" height=\"500\" src=\"https:\/\/www.egfm.fr\/wp-content\/uploads\/2021\/12\/soudeur-egfm.jpg\" class=\"attachment-large size-large\" alt=\"\" srcset=\"https:\/\/www.egfm.fr\/wp-content\/uploads\/2021\/12\/soudeur-egfm.jpg 250w, https:\/\/www.egfm.fr\/wp-content\/uploads\/2021\/12\/soudeur-egfm-150x300.jpg 150w\" sizes=\"auto, (max-width: 250px) 100vw, 250px\" \/><\/div><\/div><\/div><\/div><div class=\"wpb_column vc_column_container\"><div class=\"vc_column-inner\"><div class=\"w-tabs layout_hor style_trendy switch_click has_scrolling\" style=\"--sections-title-size:1em\"><div class=\"w-tabs-list items_3 align_none\"><div class=\"w-tabs-list-h\"><a class=\"w-tabs-item active\" aria-controls=\"content-r77b\" href=\"javascript:void(0);\"><span class=\"w-tabs-item-title\">Carrosserie<\/span><\/a><a class=\"w-tabs-item\" aria-controls=\"content-w8bb\" href=\"javascript:void(0);\"><span class=\"w-tabs-item-title\">M\u00e9canique et \u00e9lectricit\u00e9<\/span><\/a><a class=\"w-tabs-item\" aria-controls=\"content-p9e5\" href=\"javascript:void(0);\"><span class=\"w-tabs-item-title\">Entretien et r\u00e9parations<\/span><\/a><\/div><\/div><div class=\"w-tabs-sections titles-align_none icon_chevron cpos_right\"><div class=\"w-tabs-section active\" id=\"r77b\"><button aria-controls=\"content-r77b\" class=\"w-tabs-section-header active\"><div class=\"w-tabs-section-title\">Carrosserie<\/div><div class=\"w-tabs-section-control\"><\/div><\/button><div class=\"w-tabs-section-content\" id=\"content-r77b\" aria-expanded=\"true\"><div class=\"w-tabs-section-content-h i-cf\"><div class=\"wpb_text_column\"><div class=\"wpb_wrapper\"><ul>\n<li>Fabrication carrosserie (plateau, fourgon, PLSC)<\/li>\n<li><strong>Montage benne<\/strong>, bibenne, multibenne<\/li>\n<li>Montage bras hydraulique, gravillonneur<\/li>\n<li><strong>Montage grue<\/strong><\/li>\n<\/ul>\n<\/div><\/div><\/div><\/div><\/div><div class=\"w-tabs-section\" id=\"w8bb\"><button aria-controls=\"content-w8bb\" class=\"w-tabs-section-header\"><div class=\"w-tabs-section-title\">M\u00e9canique et \u00e9lectricit\u00e9<\/div><div class=\"w-tabs-section-control\"><\/div><\/button><div class=\"w-tabs-section-content\" id=\"content-w8bb\" aria-expanded=\"false\"><div class=\"w-tabs-section-content-h i-cf\"><div class=\"wpb_text_column\"><div class=\"wpb_wrapper\"><ul>\n<li>Freinage sur tout type d\u2019essieu<\/li>\n<li>R\u00e9paration ABS\/EBS<\/li>\n<li>M\u00e9canique tout type de suspension<\/li>\n<li>R\u00e9paration de l\u2019\u00e9lectricit\u00e9 et de la signalisation<\/li>\n<li>Entretien des hayons \u00e9l\u00e9vateurs toutes marques<\/li>\n<li><strong>R\u00e9paration grue<\/strong><\/li>\n<li>R\u00e9paration hydraulique<\/li>\n<li>R\u00e9paration pneumatique<\/li>\n<\/ul>\n<\/div><\/div><\/div><\/div><\/div><div class=\"w-tabs-section\" id=\"p9e5\"><button aria-controls=\"content-p9e5\" class=\"w-tabs-section-header\"><div class=\"w-tabs-section-title\">Entretien et r\u00e9parations<\/div><div class=\"w-tabs-section-control\"><\/div><\/button><div class=\"w-tabs-section-content\" id=\"content-p9e5\" aria-expanded=\"false\"><div class=\"w-tabs-section-content-h i-cf\"><div class=\"wpb_text_column\"><div class=\"wpb_wrapper\"><ul>\n<li>Remise en \u00e9tat carrosserie<\/li>\n<li>Chaudronnerie acier et aluminium (soudeurs agr\u00e9\u00e9s)<\/li>\n<li>Contr\u00f4le mensuel des <strong>semi remorques<\/strong> sur site<\/li>\n<\/ul>\n<\/div><\/div><\/div><\/div><\/div><\/div><\/div><\/div><\/div><div class=\"wpb_column vc_column_container us_custom_5845f6db has_bg_color\"><div class=\"vc_column-inner\"><div class=\"wpb_text_column\"><div class=\"wpb_wrapper\"><h3>Prenez Rendez-vous<\/h3>\n<\/div><\/div><div class=\"w-contacts\"><div class=\"w-contacts-list\"><div class=\"w-contacts-item for_address\"><span class=\"w-contacts-item-value\">17 Rue Guynemer - ZI Blanquefort - 33290 BLANQUEFORT<\/span><\/div><div class=\"w-contacts-item for_mobile\"><span class=\"w-contacts-item-value\">0649554301<\/span><\/div><div class=\"w-contacts-item for_email\"><span class=\"w-contacts-item-value\"><a href=\"mailto:michel@egs-gfm.com\">michel@egs-gfm.com<\/a><\/span><\/div><\/div><\/div><\/div><\/div><\/div><\/div><\/section><section class=\"l-section wpb_row height_medium with_img parallax_fixed\"><div class=\"l-section-img\" style=\"background-image: url(https:\/\/www.egfm.fr\/wp-content\/uploads\/2021\/12\/soudeur-interim-solano.jpg);\" data-img-width=\"2000\" data-img-height=\"1333\"><\/div><div class=\"l-section-overlay\" style=\"background:rgba(255,255,255,0.70)\"><\/div><div class=\"l-section-h i-cf\"><div class=\"g-cols via_grid cols_1 laptops-cols_inherit tablets-cols_inherit mobiles-cols_1 valign_top type_default\"><div class=\"wpb_column vc_column_container\"><div class=\"vc_column-inner\"><div class=\"wpb_text_column\"><div class=\"wpb_wrapper\"><h2>Un atelier r\u00e9f\u00e9renc\u00e9 parmi les meilleurs marques<\/h2>\n<\/div><\/div><\/div><\/div><\/div><\/div><\/section><section class=\"l-section wpb_row height_auto with_img parallax_fixed\"><div class=\"l-section-img\" style=\"background-image: url(https:\/\/www.egfm.fr\/wp-content\/uploads\/2021\/12\/soudeur-interim-solano.jpg);\" data-img-width=\"2000\" data-img-height=\"1333\"><\/div><div class=\"l-section-overlay\" style=\"background:rgba(255,255,255,0.70)\"><\/div><div class=\"l-section-h i-cf\"><div class=\"g-cols via_grid cols_3 laptops-cols_inherit tablets-cols_inherit mobiles-cols_1 valign_top type_default\"><div class=\"wpb_column vc_column_container\"><div class=\"vc_column-inner\"><div class=\"w-image align_none\"><div class=\"w-image-h\"><img loading=\"lazy\" decoding=\"async\" width=\"300\" height=\"200\" src=\"https:\/\/www.egfm.fr\/wp-content\/uploads\/2021\/12\/JOST.png\" class=\"attachment-large size-large\" alt=\"\" \/><\/div><\/div><\/div><\/div><div class=\"wpb_column vc_column_container\"><div class=\"vc_column-inner\"><div class=\"w-image align_none\"><div class=\"w-image-h\"><img loading=\"lazy\" decoding=\"async\" width=\"300\" height=\"200\" src=\"https:\/\/www.egfm.fr\/wp-content\/uploads\/2021\/12\/WABCO.png\" class=\"attachment-large size-large\" alt=\"\" \/><\/div><\/div><\/div><\/div><div class=\"wpb_column vc_column_container\"><div class=\"vc_column-inner\"><div class=\"w-image align_none\"><div class=\"w-image-h\"><img loading=\"lazy\" decoding=\"async\" width=\"300\" height=\"200\" src=\"https:\/\/www.egfm.fr\/wp-content\/uploads\/2021\/12\/CRAMARO.png\" class=\"attachment-large size-large\" alt=\"\" \/><\/div><\/div><\/div><\/div><\/div><\/div><\/section>\n","protected":false},"excerpt":{"rendered":"ATELIER Atelier fabrication et r\u00e9paration poids lourds Nous vous proposons un service d\u2019entretien et r\u00e9paration de vos v\u00e9hicules industriels. Nos m\u00e9caniciens qualifi\u00e9s sont des professionnels de la r\u00e9paration. Ils prendront en charge l\u2019entretien de votre v\u00e9hicule. La maintenance et l\u2019entretien et r\u00e9paration de vos \u00e9quipements hydrauliques et chaudronnerie Poids Lourd lui assurera une disponibilit\u00e9 et...","protected":false},"author":1,"featured_media":0,"parent":0,"menu_order":0,"comment_status":"closed","ping_status":"closed","template":"","meta":{"footnotes":""},"class_list":["post-136","page","type-page","status-publish","hentry"],"yoast_head":"<!-- This site is optimized with the Yoast SEO plugin v24.9 - https:\/\/yoast.com\/wordpress\/plugins\/seo\/ -->\n<title>Atelier - EGFM SERVICES<\/title>\n<meta name=\"robots\" content=\"index, follow, max-snippet:-1, max-image-preview:large, max-video-preview:-1\" \/>\n<link rel=\"canonical\" href=\"https:\/\/www.egfm.fr\/?page_id=136\" \/>\n<meta property=\"og:locale\" content=\"fr_FR\" \/>\n<meta property=\"og:type\" content=\"article\" \/>\n<meta property=\"og:title\" content=\"Atelier - EGFM SERVICES\" \/>\n<meta property=\"og:url\" content=\"https:\/\/www.egfm.fr\/?page_id=136\" \/>\n<meta property=\"og:site_name\" content=\"EGFM SERVICES\" \/>\n<meta property=\"article:modified_time\" content=\"2022-02-15T10:37:57+00:00\" \/>\n<meta name=\"twitter:card\" content=\"summary_large_image\" \/>\n<meta name=\"twitter:label1\" content=\"Dur\u00e9e de lecture estim\u00e9e\" \/>\n\t<meta name=\"twitter:data1\" content=\"2 minutes\" \/>\n<script type=\"application\/ld+json\" class=\"yoast-schema-graph\">{\"@context\":\"https:\/\/schema.org\",\"@graph\":[{\"@type\":\"WebPage\",\"@id\":\"https:\/\/www.egfm.fr\/?page_id=136\",\"url\":\"https:\/\/www.egfm.fr\/?page_id=136\",\"name\":\"Atelier - EGFM SERVICES\",\"isPartOf\":{\"@id\":\"https:\/\/www.egfm.fr\/#website\"},\"datePublished\":\"2021-11-12T10:45:40+00:00\",\"dateModified\":\"2022-02-15T10:37:57+00:00\",\"breadcrumb\":{\"@id\":\"https:\/\/www.egfm.fr\/?page_id=136#breadcrumb\"},\"inLanguage\":\"fr-FR\",\"potentialAction\":[{\"@type\":\"ReadAction\",\"target\":[\"https:\/\/www.egfm.fr\/?page_id=136\"]}]},{\"@type\":\"BreadcrumbList\",\"@id\":\"https:\/\/www.egfm.fr\/?page_id=136#breadcrumb\",\"itemListElement\":[{\"@type\":\"ListItem\",\"position\":1,\"name\":\"Accueil\",\"item\":\"https:\/\/www.egfm.fr\/\"},{\"@type\":\"ListItem\",\"position\":2,\"name\":\"Atelier\"}]},{\"@type\":\"WebSite\",\"@id\":\"https:\/\/www.egfm.fr\/#website\",\"url\":\"https:\/\/www.egfm.fr\/\",\"name\":\"EGFM SERVICES\",\"description\":\"Votre sp\u00e9cialiste semi-remorques et porteurs\",\"publisher\":{\"@id\":\"https:\/\/www.egfm.fr\/#organization\"},\"potentialAction\":[{\"@type\":\"SearchAction\",\"target\":{\"@type\":\"EntryPoint\",\"urlTemplate\":\"https:\/\/www.egfm.fr\/?s={search_term_string}\"},\"query-input\":{\"@type\":\"PropertyValueSpecification\",\"valueRequired\":true,\"valueName\":\"search_term_string\"}}],\"inLanguage\":\"fr-FR\"},{\"@type\":\"Organization\",\"@id\":\"https:\/\/www.egfm.fr\/#organization\",\"name\":\"EGFM\",\"url\":\"https:\/\/www.egfm.fr\/\",\"logo\":{\"@type\":\"ImageObject\",\"inLanguage\":\"fr-FR\",\"@id\":\"https:\/\/www.egfm.fr\/#\/schema\/logo\/image\/\",\"url\":\"https:\/\/www.egfm.fr\/wp-content\/uploads\/2021\/12\/LOGO.png\",\"contentUrl\":\"https:\/\/www.egfm.fr\/wp-content\/uploads\/2021\/12\/LOGO.png\",\"width\":2128,\"height\":615,\"caption\":\"EGFM\"},\"image\":{\"@id\":\"https:\/\/www.egfm.fr\/#\/schema\/logo\/image\/\"}}]}<\/script>\n<!-- \/ Yoast SEO plugin. -->","yoast_head_json":{"title":"Atelier - EGFM SERVICES","robots":{"index":"index","follow":"follow","max-snippet":"max-snippet:-1","max-image-preview":"max-image-preview:large","max-video-preview":"max-video-preview:-1"},"canonical":"https:\/\/www.egfm.fr\/?page_id=136","og_locale":"fr_FR","og_type":"article","og_title":"Atelier - EGFM SERVICES","og_url":"https:\/\/www.egfm.fr\/?page_id=136","og_site_name":"EGFM SERVICES","article_modified_time":"2022-02-15T10:37:57+00:00","twitter_card":"summary_large_image","twitter_misc":{"Dur\u00e9e de lecture estim\u00e9e":"2 minutes"},"schema":{"@context":"https:\/\/schema.org","@graph":[{"@type":"WebPage","@id":"https:\/\/www.egfm.fr\/?page_id=136","url":"https:\/\/www.egfm.fr\/?page_id=136","name":"Atelier - EGFM SERVICES","isPartOf":{"@id":"https:\/\/www.egfm.fr\/#website"},"datePublished":"2021-11-12T10:45:40+00:00","dateModified":"2022-02-15T10:37:57+00:00","breadcrumb":{"@id":"https:\/\/www.egfm.fr\/?page_id=136#breadcrumb"},"inLanguage":"fr-FR","potentialAction":[{"@type":"ReadAction","target":["https:\/\/www.egfm.fr\/?page_id=136"]}]},{"@type":"BreadcrumbList","@id":"https:\/\/www.egfm.fr\/?page_id=136#breadcrumb","itemListElement":[{"@type":"ListItem","position":1,"name":"Accueil","item":"https:\/\/www.egfm.fr\/"},{"@type":"ListItem","position":2,"name":"Atelier"}]},{"@type":"WebSite","@id":"https:\/\/www.egfm.fr\/#website","url":"https:\/\/www.egfm.fr\/","name":"EGFM SERVICES","description":"Votre sp\u00e9cialiste semi-remorques et porteurs","publisher":{"@id":"https:\/\/www.egfm.fr\/#organization"},"potentialAction":[{"@type":"SearchAction","target":{"@type":"EntryPoint","urlTemplate":"https:\/\/www.egfm.fr\/?s={search_term_string}"},"query-input":{"@type":"PropertyValueSpecification","valueRequired":true,"valueName":"search_term_string"}}],"inLanguage":"fr-FR"},{"@type":"Organization","@id":"https:\/\/www.egfm.fr\/#organization","name":"EGFM","url":"https:\/\/www.egfm.fr\/","logo":{"@type":"ImageObject","inLanguage":"fr-FR","@id":"https:\/\/www.egfm.fr\/#\/schema\/logo\/image\/","url":"https:\/\/www.egfm.fr\/wp-content\/uploads\/2021\/12\/LOGO.png","contentUrl":"https:\/\/www.egfm.fr\/wp-content\/uploads\/2021\/12\/LOGO.png","width":2128,"height":615,"caption":"EGFM"},"image":{"@id":"https:\/\/www.egfm.fr\/#\/schema\/logo\/image\/"}}]}},"_links":{"self":[{"href":"https:\/\/www.egfm.fr\/index.php?rest_route=\/wp\/v2\/pages\/136","targetHints":{"allow":["GET"]}}],"collection":[{"href":"https:\/\/www.egfm.fr\/index.php?rest_route=\/wp\/v2\/pages"}],"about":[{"href":"https:\/\/www.egfm.fr\/index.php?rest_route=\/wp\/v2\/types\/page"}],"author":[{"embeddable":true,"href":"https:\/\/www.egfm.fr\/index.php?rest_route=\/wp\/v2\/users\/1"}],"replies":[{"embeddable":true,"href":"https:\/\/www.egfm.fr\/index.php?rest_route=%2Fwp%2Fv2%2Fcomments&post=136"}],"version-history":[{"count":37,"href":"https:\/\/www.egfm.fr\/index.php?rest_route=\/wp\/v2\/pages\/136\/revisions"}],"predecessor-version":[{"id":666,"href":"https:\/\/www.egfm.fr\/index.php?rest_route=\/wp\/v2\/pages\/136\/revisions\/666"}],"wp:attachment":[{"href":"https:\/\/www.egfm.fr\/index.php?rest_route=%2Fwp%2Fv2%2Fmedia&parent=136"}],"curies":[{"name":"wp","href":"https:\/\/api.w.org\/{rel}","templated":true}]}}